{"id":9,"date":"2017-03-04T11:28:16","date_gmt":"2017-03-04T11:28:16","guid":{"rendered":"http:\/\/sendi.de\/?page_id=9"},"modified":"2017-03-04T11:28:16","modified_gmt":"2017-03-04T11:28:16","slug":"home-der-sendis","status":"publish","type":"page","link":"http:\/\/sendi.de\/","title":{"rendered":"Home der Sendi&#8217;s"},"content":{"rendered":"<p>Wir z\u00e4hlen als Gro\u00dffamilie mit 5 Kindern nicht zu der Norm in Deutschland. Und doch &#8211; obwohl es manchmal stressig war &#8211; es ist einfach gro\u00dfartig.<\/p>\n<p>Viel Privates wollen wir hier nicht ver\u00f6ffentlichen. Es gibt aber Projekte, die wir an dieser Stelle einem breiteren Publikum vorstellen m\u00f6chten.<\/p>\n<p>Viel Spa\u00df<\/p>\n","protected":false},"excerpt":{"rendered":"<p>Wir z\u00e4hlen als Gro\u00dffamilie mit 5 Kindern nicht zu der Norm in Deutschland. Und doch &#8211; obwohl es manchmal stressig war &#8211; es ist einfach gro\u00dfartig. Viel Privates wollen wir hier nicht ver\u00f6ffentlichen. Es gibt aber Projekte, die wir an dieser Stelle einem breiteren Publikum vorstellen m\u00f6chten. Viel Spa\u00df<\/p>\n","protected":false},"author":1,"featured_media":0,"parent":0,"menu_order":0,"comment_status":"closed","ping_status":"closed","template":"","meta":{"footnotes":""},"class_list":["post-9","page","type-page","status-publish","hentry"],"_links":{"self":[{"href":"http:\/\/sendi.de\/index.php?rest_route=\/wp\/v2\/pages\/9","targetHints":{"allow":["GET"]}}],"collection":[{"href":"http:\/\/sendi.de\/index.php?rest_route=\/wp\/v2\/pages"}],"about":[{"href":"http:\/\/sendi.de\/index.php?rest_route=\/wp\/v2\/types\/page"}],"author":[{"embeddable":true,"href":"http:\/\/sendi.de\/index.php?rest_route=\/wp\/v2\/users\/1"}],"replies":[{"embeddable":true,"href":"http:\/\/sendi.de\/index.php?rest_route=%2Fwp%2Fv2%2Fcomments&post=9"}],"version-history":[{"count":1,"href":"http:\/\/sendi.de\/index.php?rest_route=\/wp\/v2\/pages\/9\/revisions"}],"predecessor-version":[{"id":10,"href":"http:\/\/sendi.de\/index.php?rest_route=\/wp\/v2\/pages\/9\/revisions\/10"}],"wp:attachment":[{"href":"http:\/\/sendi.de\/index.php?rest_route=%2Fwp%2Fv2%2Fmedia&parent=9"}],"curies":[{"name":"wp","href":"https:\/\/api.w.org\/{rel}","templated":true}]}}