{"id":61,"date":"2017-03-05T16:42:10","date_gmt":"2017-03-05T16:42:10","guid":{"rendered":"http:\/\/sendi.de\/?page_id=61"},"modified":"2017-03-06T08:51:10","modified_gmt":"2017-03-06T08:51:10","slug":"die-innere-technik","status":"publish","type":"page","link":"http:\/\/sendi.de\/?page_id=61","title":{"rendered":"Die Technik"},"content":{"rendered":"<p>Aussen haben wir vor allem die Technik erneuert:<\/p>\n<ul>\n<li>Winterhoff- Antischlinger-Kupplung<\/li>\n<li>AlKo- Bigfoot-St\u00fctzen (da braucht es im Sand keine Bretter mehr; einfach runterkurbeln)<\/li>\n<li>AlKo- Bugrad, Schwere und breite Ausf\u00fchrung, gefedert mit St\u00fctzlast-Anzeige.<\/li>\n<li>Neues Hauptkabel in einer vollen 13-poligen Ausf\u00fchrung<\/li>\n<li>Bremsen erneuert; ca. 5 tkm gefahren.<\/li>\n<li>Die Kederleisten an den Zierleisten sind alle neu.<\/li>\n<li>R\u00fcckleuchten sind ebenfalls 2012 erneuert worden.<\/li>\n<\/ul>\n<p><img loading=\"lazy\" decoding=\"async\" class=\"alignnone wp-image-25\" src=\"http:\/\/sendi.de\/wp-content\/uploads\/2017\/03\/kupplung-300x225.png\" width=\"413\" height=\"310\" srcset=\"http:\/\/sendi.de\/wp-content\/uploads\/2017\/03\/kupplung-300x225.png 300w, http:\/\/sendi.de\/wp-content\/uploads\/2017\/03\/kupplung-768x576.png 768w, http:\/\/sendi.de\/wp-content\/uploads\/2017\/03\/kupplung-1024x768.png 1024w, http:\/\/sendi.de\/wp-content\/uploads\/2017\/03\/kupplung-640x480.png 640w\" sizes=\"auto, (max-width: 413px) 85vw, 413px\" \/> <img loading=\"lazy\" decoding=\"async\" class=\"alignnone wp-image-72 size-medium\" src=\"http:\/\/sendi.de\/wp-content\/uploads\/2017\/03\/bigfoot-300x194.jpg\" width=\"300\" height=\"194\" srcset=\"http:\/\/sendi.de\/wp-content\/uploads\/2017\/03\/bigfoot-300x194.jpg 300w, http:\/\/sendi.de\/wp-content\/uploads\/2017\/03\/bigfoot-768x496.jpg 768w, http:\/\/sendi.de\/wp-content\/uploads\/2017\/03\/bigfoot-1024x661.jpg 1024w, http:\/\/sendi.de\/wp-content\/uploads\/2017\/03\/bigfoot.jpg 1208w\" sizes=\"auto, (max-width: 300px) 85vw, 300px\" \/><\/p>\n<p>Dann hat es im Versorgungskasten<\/p>\n<ul>\n<li>zwei neue 20 Liter Kanister mit einer<\/li>\n<li>neuen extra starken Wasserpumpe<\/li>\n<li>Wasserstands-Regelventil<\/li>\n<li>Wasserstand-Anzeige innen<\/li>\n<li>Antennenkabel<\/li>\n<li>2-Wege Gas-Ventil f\u00fcr innen und einem Aussen-Grill<\/li>\n<\/ul>\n<p><img loading=\"lazy\" decoding=\"async\" class=\"alignnone wp-image-26 size-large\" src=\"http:\/\/sendi.de\/wp-content\/uploads\/2017\/03\/Kasten-1024x768.png\" width=\"697\" height=\"523\" srcset=\"http:\/\/sendi.de\/wp-content\/uploads\/2017\/03\/Kasten-1024x768.png 1024w, http:\/\/sendi.de\/wp-content\/uploads\/2017\/03\/Kasten-300x225.png 300w, http:\/\/sendi.de\/wp-content\/uploads\/2017\/03\/Kasten-768x576.png 768w, http:\/\/sendi.de\/wp-content\/uploads\/2017\/03\/Kasten-640x480.png 640w\" sizes=\"auto, (max-width: 697px) 85vw, 697px\" \/><\/p>\n<p>Tja, und dann gibt es noch das &#8222;Unangenehme&#8220;, das Abwasser.<\/p>\n<p>Innen sind s\u00e4mtliche Rohre neu, aussen haben wir dann ein Abwasser-Rohr, welches 1:3 gedehnt werden kann. Das Rohr wird unten in einem bel\u00fcftenten Beh\u00e4lter mitgef\u00fchrt.<\/p>\n<p><img loading=\"lazy\" decoding=\"async\" class=\"alignnone size-large wp-image-28\" src=\"http:\/\/sendi.de\/wp-content\/uploads\/2017\/03\/abwasser-1024x321.png\" alt=\"\" width=\"697\" height=\"218\" srcset=\"http:\/\/sendi.de\/wp-content\/uploads\/2017\/03\/abwasser-1024x321.png 1024w, http:\/\/sendi.de\/wp-content\/uploads\/2017\/03\/abwasser-300x94.png 300w, http:\/\/sendi.de\/wp-content\/uploads\/2017\/03\/abwasser-768x241.png 768w\" sizes=\"auto, (max-width: 697px) 85vw, 697px\" \/><\/p>\n<p>Aber das ist ja alles nur aussen, innen sieht es noch viel besser aus.<\/p>\n<h3>Die Heizung<\/h3>\n<p>Dieser Tabbert wurde als &#8222;Wintercamping-Ausf\u00fchrung&#8220; gebaut. Der Clou ist eine echte Warmwasser-Heizung, die eine super-Wohlf\u00fchl-Athmosph\u00e4re schafft. Nicht diese trockene Luft durch die Warmluft-Rohre, sondern eine Heizung mit richtigen kleinen Heizk\u00f6rpern und einer Warm-Wasser Ringleitung.<\/p>\n<p>Ein weiterer gro\u00dfer Vorteil: Das ist unglaublich leise; gerade in der Nacht will man seine Ruhe.<\/p>\n<p>Die Heizk\u00f6rper sind alle unsichtbar verbaut, im Bad ist einer hinter einer Verkleidung erkennbar.<\/p>\n<p><img loading=\"lazy\" decoding=\"async\" class=\"alignnone size-large wp-image-62\" src=\"http:\/\/sendi.de\/wp-content\/uploads\/2017\/03\/heizung1-1024x632.jpg\" alt=\"\" width=\"697\" height=\"430\" srcset=\"http:\/\/sendi.de\/wp-content\/uploads\/2017\/03\/heizung1-1024x632.jpg 1024w, http:\/\/sendi.de\/wp-content\/uploads\/2017\/03\/heizung1-300x185.jpg 300w, http:\/\/sendi.de\/wp-content\/uploads\/2017\/03\/heizung1-768x474.jpg 768w, http:\/\/sendi.de\/wp-content\/uploads\/2017\/03\/heizung1.jpg 1951w\" sizes=\"auto, (max-width: 697px) 85vw, 697px\" \/><\/p>\n<p>Alle anderen Heizlk\u00f6rper sind hinter den Sitzlehnen angebracht. S\u00e4mtliche Stauk\u00e4sten sind vom Boden her und an der R\u00fcckwand doppelt ausgelegt. Durch die nat\u00fcrliche Konvektion str\u00f6mt die Luft unter den Stauk\u00e4sten\/Sitzb\u00e4nken \u00fcber die Heizk\u00f6rper und kommt hinter den R\u00fcckenlehnen wieder heraus.<\/p>\n<p>Die R\u00fcckenlehnen sind ebenfalls alle gepolstert und\u00a0 im gleichen Stoff bezogen.\u00a0 Das ist einfach Top-Gem\u00fctlich.<\/p>\n<p><img loading=\"lazy\" decoding=\"async\" class=\"alignnone wp-image-63 size-full\" src=\"http:\/\/sendi.de\/wp-content\/uploads\/2017\/03\/r\u00fcckenlehne.jpg\" width=\"3417\" height=\"1286\" srcset=\"http:\/\/sendi.de\/wp-content\/uploads\/2017\/03\/r\u00fcckenlehne.jpg 3417w, http:\/\/sendi.de\/wp-content\/uploads\/2017\/03\/r\u00fcckenlehne-300x113.jpg 300w, http:\/\/sendi.de\/wp-content\/uploads\/2017\/03\/r\u00fcckenlehne-768x289.jpg 768w, http:\/\/sendi.de\/wp-content\/uploads\/2017\/03\/r\u00fcckenlehne-1024x385.jpg 1024w\" sizes=\"auto, (max-width: 709px) 85vw, (max-width: 909px) 67vw, (max-width: 1362px) 62vw, 840px\" \/><\/p>\n<p>Die Heizung ist eine Kombination aus<\/p>\n<ul>\n<li>Gastherme\u00a0\u00a0\u00a0\u00a0 Alde 2920\u00a0 mit\u00a0 7kW \/\u00a0 50 mbar<\/li>\n<li>Elektro-Therme Optimus Alde 2736R \u00a0\u00a0\u00a0\u00a0\u00a0\u00a0\u00a0\u00a0\u00a0\u00a0 220V\/2,0 kW<\/li>\n<\/ul>\n<p>Damit kann man sinnvoll den vorhandenen Strom-Anschlu\u00df nutzen und bei hohem Warmwasser- oder Heizungsbedarf mit der Gas-Therme unterst\u00fctzen. S\u00e4mtliche Thermen und Boiler sind neu isoliert worden.<\/p>\n<p><img loading=\"lazy\" decoding=\"async\" class=\"alignnone wp-image-64 size-full\" src=\"http:\/\/sendi.de\/wp-content\/uploads\/2017\/03\/heizung.jpg\" width=\"4312\" height=\"1152\" srcset=\"http:\/\/sendi.de\/wp-content\/uploads\/2017\/03\/heizung.jpg 4312w, http:\/\/sendi.de\/wp-content\/uploads\/2017\/03\/heizung-300x80.jpg 300w, http:\/\/sendi.de\/wp-content\/uploads\/2017\/03\/heizung-768x205.jpg 768w, http:\/\/sendi.de\/wp-content\/uploads\/2017\/03\/heizung-1024x274.jpg 1024w\" sizes=\"auto, (max-width: 709px) 85vw, (max-width: 909px) 67vw, (max-width: 1362px) 62vw, 840px\" \/><\/p>\n<p>Die Warmwasser-Heizung hat eine Vor&amp;Nachlauf-Regelung und wird \u00fcber ein zentrales Thermostat geregelt.<\/p>\n<h3>Elektrik<\/h3>\n<p>Elektrisch ist der Tabbert richtig aufger\u00fcstet worden. Neben einer<\/p>\n<ul>\n<li>Batterie<\/li>\n<li>Lade-Ger\u00e4t<\/li>\n<li>12V\/220V Wechselrichter<\/li>\n<\/ul>\n<p>ist fast die gesamte Elektrik erneuert worden. Selbstverst\u00e4ndlich inklusive Dokumentation.<\/p>\n<p><img loading=\"lazy\" decoding=\"async\" class=\"alignnone size-large wp-image-71\" src=\"http:\/\/sendi.de\/wp-content\/uploads\/2017\/03\/Tabbert_2-47-1024x768.jpg\" alt=\"\" width=\"697\" height=\"523\" srcset=\"http:\/\/sendi.de\/wp-content\/uploads\/2017\/03\/Tabbert_2-47-1024x768.jpg 1024w, http:\/\/sendi.de\/wp-content\/uploads\/2017\/03\/Tabbert_2-47-300x225.jpg 300w, http:\/\/sendi.de\/wp-content\/uploads\/2017\/03\/Tabbert_2-47-768x576.jpg 768w, http:\/\/sendi.de\/wp-content\/uploads\/2017\/03\/Tabbert_2-47-640x480.jpg 640w\" sizes=\"auto, (max-width: 697px) 85vw, 697px\" \/><\/p>\n<p><img loading=\"lazy\" decoding=\"async\" class=\"alignnone size-large wp-image-67\" src=\"http:\/\/sendi.de\/wp-content\/uploads\/2017\/03\/IMG_1277-1024x768.jpg\" alt=\"\" width=\"697\" height=\"523\" srcset=\"http:\/\/sendi.de\/wp-content\/uploads\/2017\/03\/IMG_1277-1024x768.jpg 1024w, http:\/\/sendi.de\/wp-content\/uploads\/2017\/03\/IMG_1277-300x225.jpg 300w, http:\/\/sendi.de\/wp-content\/uploads\/2017\/03\/IMG_1277-768x576.jpg 768w, http:\/\/sendi.de\/wp-content\/uploads\/2017\/03\/IMG_1277-640x480.jpg 640w\" sizes=\"auto, (max-width: 697px) 85vw, 697px\" \/><\/p>\n<p>Hier laufen auch alle Steuerungselemente zusammen.<\/p>\n<p>S\u00e4mtliche Lichttaster und Steckdosen sind mit den neuen ultraflachen Jaeger-Elementen ausgef\u00fchrt.<\/p>\n<p><img loading=\"lazy\" decoding=\"async\" class=\"alignnone wp-image-68 size-full\" src=\"http:\/\/sendi.de\/wp-content\/uploads\/2017\/03\/schalter.jpg\" width=\"5944\" height=\"1777\" srcset=\"http:\/\/sendi.de\/wp-content\/uploads\/2017\/03\/schalter.jpg 5944w, http:\/\/sendi.de\/wp-content\/uploads\/2017\/03\/schalter-300x90.jpg 300w, http:\/\/sendi.de\/wp-content\/uploads\/2017\/03\/schalter-768x230.jpg 768w, http:\/\/sendi.de\/wp-content\/uploads\/2017\/03\/schalter-1024x306.jpg 1024w\" sizes=\"auto, (max-width: 709px) 85vw, (max-width: 909px) 67vw, (max-width: 1362px) 62vw, 840px\" \/><\/p>\n<p><a href=\"http:\/\/sendi.de\/?page_id=30\">Innen geht es hier weiter.<\/a><\/p>\n","protected":false},"excerpt":{"rendered":"<p>Aussen haben wir vor allem die Technik erneuert: Winterhoff- Antischlinger-Kupplung AlKo- Bigfoot-St\u00fctzen (da braucht es im Sand keine Bretter mehr; einfach runterkurbeln) AlKo- Bugrad, Schwere und breite Ausf\u00fchrung, gefedert mit St\u00fctzlast-Anzeige. Neues Hauptkabel in einer vollen 13-poligen Ausf\u00fchrung Bremsen erneuert; ca. 5 tkm gefahren. Die Kederleisten an den Zierleisten sind alle neu. R\u00fcckleuchten sind ebenfalls &hellip; <a href=\"http:\/\/sendi.de\/?page_id=61\" class=\"more-link\"><span class=\"screen-reader-text\">&#8222;Die Technik&#8220; <\/span>weiterlesen<\/a><\/p>\n","protected":false},"author":1,"featured_media":0,"parent":0,"menu_order":0,"comment_status":"closed","ping_status":"closed","template":"page-fullwidth.php","meta":{"footnotes":""},"class_list":["post-61","page","type-page","status-publish","hentry"],"_links":{"self":[{"href":"http:\/\/sendi.de\/index.php?rest_route=\/wp\/v2\/pages\/61","targetHints":{"allow":["GET"]}}],"collection":[{"href":"http:\/\/sendi.de\/index.php?rest_route=\/wp\/v2\/pages"}],"about":[{"href":"http:\/\/sendi.de\/index.php?rest_route=\/wp\/v2\/types\/page"}],"author":[{"embeddable":true,"href":"http:\/\/sendi.de\/index.php?rest_route=\/wp\/v2\/users\/1"}],"replies":[{"embeddable":true,"href":"http:\/\/sendi.de\/index.php?rest_route=%2Fwp%2Fv2%2Fcomments&post=61"}],"version-history":[{"count":6,"href":"http:\/\/sendi.de\/index.php?rest_route=\/wp\/v2\/pages\/61\/revisions"}],"predecessor-version":[{"id":83,"href":"http:\/\/sendi.de\/index.php?rest_route=\/wp\/v2\/pages\/61\/revisions\/83"}],"wp:attachment":[{"href":"http:\/\/sendi.de\/index.php?rest_route=%2Fwp%2Fv2%2Fmedia&parent=61"}],"curies":[{"name":"wp","href":"https:\/\/api.w.org\/{rel}","templated":true}]}}