{"id":30,"date":"2017-03-04T22:00:50","date_gmt":"2017-03-04T22:00:50","guid":{"rendered":"http:\/\/sendi.de\/?page_id=30"},"modified":"2017-03-06T08:46:23","modified_gmt":"2017-03-06T08:46:23","slug":"der-wohnwagen-innnen","status":"publish","type":"page","link":"http:\/\/sendi.de\/?page_id=30","title":{"rendered":"Der Wohnwagen innnen"},"content":{"rendered":"<p>Eines vorweg: dieser Tabbert ist kein &#8222;Gelsenkirchner Barock&#8220;. Das ist ein schlichtes, modernes Design.\u00a0 Dieser Tabbert ist innen noch mit richtigem Holz und R\u00fcster-Furnier verarbeitet. Spanplatten finden sich in diesem Wohnwagen nicht. Das spart enormes Gewicht und ist einfach zu reparieren.<\/p>\n<p>Alle Holzfl\u00e4chen sind einzeln komplett \u00fcberarbeitet worden. Das hei\u00dft, s\u00e4mtliche Klappen, T\u00fcren und Fronten sind zerlegt, geschliffen und neu lackiert worden. Auch die Sto\u00dfleisten sind alle mit echtem R\u00fcster-Furnier restauriert.<\/p>\n<p><img loading=\"lazy\" decoding=\"async\" class=\"alignnone wp-image-49 size-full\" src=\"http:\/\/sendi.de\/wp-content\/uploads\/2017\/03\/innne-front.jpg\" width=\"8002\" height=\"2808\" srcset=\"http:\/\/sendi.de\/wp-content\/uploads\/2017\/03\/innne-front.jpg 8002w, http:\/\/sendi.de\/wp-content\/uploads\/2017\/03\/innne-front-300x105.jpg 300w, http:\/\/sendi.de\/wp-content\/uploads\/2017\/03\/innne-front-768x270.jpg 768w, http:\/\/sendi.de\/wp-content\/uploads\/2017\/03\/innne-front-1024x359.jpg 1024w\" sizes=\"auto, (max-width: 709px) 85vw, (max-width: 909px) 67vw, (max-width: 1362px) 62vw, 840px\" \/><\/p>\n<p>Hier ist der Grundri\u00df:<\/p>\n<p><img loading=\"lazy\" decoding=\"async\" class=\"alignnone size-large wp-image-32\" src=\"http:\/\/sendi.de\/wp-content\/uploads\/2017\/03\/grundri\u00df-1024x724.png\" alt=\"\" width=\"697\" height=\"493\" srcset=\"http:\/\/sendi.de\/wp-content\/uploads\/2017\/03\/grundri\u00df-1024x724.png 1024w, http:\/\/sendi.de\/wp-content\/uploads\/2017\/03\/grundri\u00df-300x212.png 300w, http:\/\/sendi.de\/wp-content\/uploads\/2017\/03\/grundri\u00df-768x543.png 768w, http:\/\/sendi.de\/wp-content\/uploads\/2017\/03\/grundri\u00df.png 1133w\" sizes=\"auto, (max-width: 697px) 85vw, 697px\" \/><\/p>\n<p>Rechts ist das Eltern-Schlafsegment. Den Tisch haben wir herausgenommen und ein festes Bett eingebaut. Dazu geh\u00f6ren ein Lattenrost zwischen den Stauk\u00e4sten und eine speziell eingepasste, neue 7-Zonen Kaltschaum-Matratze.<\/p>\n<p>\u00dcbrigens, das ganze Design ist in einem\u00a0 zeitlosen Rost-Orange gehalten. Die Fl\u00e4chen, Bez\u00fcge sind alle mit einem speziellen, samtenen, aber sehr stapazierf\u00e4higen Bezugsstoff (f\u00fcr \u00fcber 6000 Schleuertouren) neu \u00fcberzogen worden. Nat\u00fcrlich sind die Bez\u00fcge alle leicht abnehmbar und waschbar.<\/p>\n<p><img loading=\"lazy\" decoding=\"async\" class=\"alignnone wp-image-50 size-large\" src=\"http:\/\/sendi.de\/wp-content\/uploads\/2017\/03\/schalf-1024x768.jpg\" width=\"697\" height=\"523\" srcset=\"http:\/\/sendi.de\/wp-content\/uploads\/2017\/03\/schalf-1024x768.jpg 1024w, http:\/\/sendi.de\/wp-content\/uploads\/2017\/03\/schalf-300x225.jpg 300w, http:\/\/sendi.de\/wp-content\/uploads\/2017\/03\/schalf-768x576.jpg 768w, http:\/\/sendi.de\/wp-content\/uploads\/2017\/03\/schalf-640x480.jpg 640w\" sizes=\"auto, (max-width: 697px) 85vw, 697px\" \/><\/p>\n<p>Auch die Gardinen sind neu angefertigt worden und mit einem neu installiertem Zugsystem leicht herausnehmbar. Ein extra Fliegen\/M\u00fcckengitter ist auch vorhanden.<\/p>\n<p>Der Wohnbereich ist ebenfalls mit neuen Schaumstoff-Segmenten (extra stabil) und neuen Bez\u00fcgen ausgestattet worden. Dort k\u00f6nnen 7 Personen &#8211; wenn es denn mal regnet\u00a0 &#8211; essen oder 3 Kinder bequem schlafen.<\/p>\n<p>Der Wohn- und Schlafbereich ist mit neuen Schaltern\/Tastern f\u00fcr die Lichtsteuerung und individuellen, warmen Halogen-Scheinwerfern ausgestattet worden. \u00dcberall sind neue, kleine Abstellfl\u00e4chen im Original-Design entstanden.<\/p>\n<p><img loading=\"lazy\" decoding=\"async\" class=\"alignnone wp-image-45 size-full\" src=\"http:\/\/sendi.de\/wp-content\/uploads\/2017\/03\/innen-licht-regal.jpg\" width=\"8288\" height=\"2862\" srcset=\"http:\/\/sendi.de\/wp-content\/uploads\/2017\/03\/innen-licht-regal.jpg 8288w, http:\/\/sendi.de\/wp-content\/uploads\/2017\/03\/innen-licht-regal-300x104.jpg 300w, http:\/\/sendi.de\/wp-content\/uploads\/2017\/03\/innen-licht-regal-768x265.jpg 768w, http:\/\/sendi.de\/wp-content\/uploads\/2017\/03\/innen-licht-regal-1024x354.jpg 1024w\" sizes=\"auto, (max-width: 709px) 85vw, (max-width: 909px) 67vw, (max-width: 1362px) 62vw, 840px\" \/><\/p>\n<p>Der Wohnbereich hat ein TV mit USB-Eingang und einem neuen 2.1 Soundsystem bekommen. Zwei starke Hocht\u00f6ner und ein unter der Sitzgruppe angebrachter Sub-Woofer sorgen mit einem Bob Marley Sound f\u00fcr ultimativem Relax-Sound.<\/p>\n<p><img loading=\"lazy\" decoding=\"async\" class=\"alignnone wp-image-51 size-full\" src=\"http:\/\/sendi.de\/wp-content\/uploads\/2017\/03\/tv.jpg\" width=\"8032\" height=\"3024\" srcset=\"http:\/\/sendi.de\/wp-content\/uploads\/2017\/03\/tv.jpg 8032w, http:\/\/sendi.de\/wp-content\/uploads\/2017\/03\/tv-300x113.jpg 300w, http:\/\/sendi.de\/wp-content\/uploads\/2017\/03\/tv-768x289.jpg 768w, http:\/\/sendi.de\/wp-content\/uploads\/2017\/03\/tv-1024x386.jpg 1024w\" sizes=\"auto, (max-width: 709px) 85vw, (max-width: 909px) 67vw, (max-width: 1362px) 62vw, 840px\" \/><\/p>\n<p>Beleuchtung ist \u00fcbrigens ein besonderes Thema. 1979 war das sehr spartansich ausgef\u00fchrt. In diesem Tabbert hat jeder seine eigene individuelle Leuchte. Jeder Schlaf-\/Sitzplatz hat seine eigene Leuchte, und die ist auch individuell einstellbar.<\/p>\n<p>Alle gro\u00dfen Leuchten sind heute dimmbar als Halogen-Segmente ausgef\u00fchrt. Gerade im Zentralbereich\/K\u00fcche sind neue gro\u00dfe Leuchtk\u00f6rper eingepasst worden. Diese sind mit einer speziellen Logik f\u00fcr 220V\/12V Betrieb ausgestattet worden.<\/p>\n<p><img loading=\"lazy\" decoding=\"async\" class=\"alignnone wp-image-52 size-full\" src=\"http:\/\/sendi.de\/wp-content\/uploads\/2017\/03\/leuchten.jpg\" width=\"7183\" height=\"2648\" srcset=\"http:\/\/sendi.de\/wp-content\/uploads\/2017\/03\/leuchten.jpg 7183w, http:\/\/sendi.de\/wp-content\/uploads\/2017\/03\/leuchten-300x111.jpg 300w, http:\/\/sendi.de\/wp-content\/uploads\/2017\/03\/leuchten-768x283.jpg 768w, http:\/\/sendi.de\/wp-content\/uploads\/2017\/03\/leuchten-1024x377.jpg 1024w\" sizes=\"auto, (max-width: 709px) 85vw, (max-width: 909px) 67vw, (max-width: 1362px) 62vw, 840px\" \/><\/p>\n<p>Damit kommen wir zur K\u00fcche.<\/p>\n<p>Die Original-K\u00fcche ist so nicht mehr vorhanden. Wir sind Koch-Fans und eine vern\u00fcnfitge K\u00fcche musste da wieder eingebaut werden. Die K\u00fcchen-Arbeitsplatte ist aus einer stabilen Muliplex-Platte mit extra-strapazierf\u00e4higer Lackierung (eigendlich f\u00fcr den Bodenbereich) ausgef\u00fchrt. Und als Highlight ist das Dethleffs Gourmet-Center eingebaut worden.<\/p>\n<p><img loading=\"lazy\" decoding=\"async\" class=\"alignnone wp-image-46 size-full\" src=\"http:\/\/sendi.de\/wp-content\/uploads\/2017\/03\/gourmet.jpg\" width=\"5769\" height=\"2096\" srcset=\"http:\/\/sendi.de\/wp-content\/uploads\/2017\/03\/gourmet.jpg 5769w, http:\/\/sendi.de\/wp-content\/uploads\/2017\/03\/gourmet-300x109.jpg 300w, http:\/\/sendi.de\/wp-content\/uploads\/2017\/03\/gourmet-768x279.jpg 768w, http:\/\/sendi.de\/wp-content\/uploads\/2017\/03\/gourmet-1024x372.jpg 1024w\" sizes=\"auto, (max-width: 709px) 85vw, (max-width: 909px) 67vw, (max-width: 1362px) 62vw, 840px\" \/>Das Gourmet-Center besteht aus einer Sp\u00fcle und einem 3-Flammigen Gasherd. Der Clou sind die 3 Glasfl\u00e4chen. Je nach Bedarf k\u00f6nnen diese als Arbeitsfl\u00e4che zum kochen oder Ablauffl\u00e4che f\u00fcrs Sp\u00fclen dienen oder ganz weg-geklappt werden. Und das schaut auch echt super aus.<\/p>\n<p>Die K\u00fcche ist im weiteren um einen<\/p>\n<ul>\n<li>Dunstabzug mit Beleuchtung,<\/li>\n<li>neuen K\u00fchlschrank f\u00fcr 220V \/ 12V \/Gas mit orignalem, echtem R\u00fcster-Furnier<\/li>\n<li>weiteren Steckdosen<\/li>\n<li>Ablagen<\/li>\n<\/ul>\n<p>erweitert worden.<\/p>\n<p><img loading=\"lazy\" decoding=\"async\" class=\"alignnone size-large wp-image-53\" src=\"http:\/\/sendi.de\/wp-content\/uploads\/2017\/03\/k\u00fchl-dunst-1024x775.jpg\" alt=\"\" width=\"697\" height=\"528\" srcset=\"http:\/\/sendi.de\/wp-content\/uploads\/2017\/03\/k\u00fchl-dunst-1024x775.jpg 1024w, http:\/\/sendi.de\/wp-content\/uploads\/2017\/03\/k\u00fchl-dunst-300x227.jpg 300w, http:\/\/sendi.de\/wp-content\/uploads\/2017\/03\/k\u00fchl-dunst-768x581.jpg 768w\" sizes=\"auto, (max-width: 697px) 85vw, 697px\" \/><\/p>\n<p>Mit Liebe zum Detail alles mit dem Original-Holz<\/p>\n<p><img loading=\"lazy\" decoding=\"async\" class=\"alignnone wp-image-58 size-full\" src=\"http:\/\/sendi.de\/wp-content\/uploads\/2017\/03\/Regale.jpg\" width=\"6202\" height=\"2987\" srcset=\"http:\/\/sendi.de\/wp-content\/uploads\/2017\/03\/Regale.jpg 6202w, http:\/\/sendi.de\/wp-content\/uploads\/2017\/03\/Regale-300x144.jpg 300w, http:\/\/sendi.de\/wp-content\/uploads\/2017\/03\/Regale-768x370.jpg 768w, http:\/\/sendi.de\/wp-content\/uploads\/2017\/03\/Regale-1024x493.jpg 1024w\" sizes=\"auto, (max-width: 709px) 85vw, (max-width: 909px) 67vw, (max-width: 1362px) 62vw, 840px\" \/><\/p>\n<p>Und das der finale Clou; ein kleines unn\u00fctzes Trennschr\u00e4nkchen ist zu einer modernen Bar umgebaut worden. Alles ebenfalls im originalen R\u00fcster-Furnier. Na dann &#8222;Cin Cin&#8220;.<\/p>\n<p><img loading=\"lazy\" decoding=\"async\" class=\"alignnone wp-image-55 size-full\" src=\"http:\/\/sendi.de\/wp-content\/uploads\/2017\/03\/bar.jpg\" width=\"7605\" height=\"3005\" srcset=\"http:\/\/sendi.de\/wp-content\/uploads\/2017\/03\/bar.jpg 7605w, http:\/\/sendi.de\/wp-content\/uploads\/2017\/03\/bar-300x119.jpg 300w, http:\/\/sendi.de\/wp-content\/uploads\/2017\/03\/bar-768x303.jpg 768w, http:\/\/sendi.de\/wp-content\/uploads\/2017\/03\/bar-1024x405.jpg 1024w\" sizes=\"auto, (max-width: 709px) 85vw, (max-width: 909px) 67vw, (max-width: 1362px) 62vw, 840px\" \/><\/p>\n<p>&nbsp;<\/p>\n<p>Und damit kommen wir zum Bad. Das haben wir komplett erneuert. Der Eck-Waschtisch ist jetzt um ein Unterschrank mit einem Einwurf f\u00fcr W\u00e4sche und Regalb\u00f6den erweitert worden. Der kleine Regal-Bereich ist so gro\u00df, dass dort auch eine kleine Chemie-Toilette (gerade f\u00fcr Kinder) untergestellt werden kann.<\/p>\n<p>Die untere Holzverkleidung ist \u00fcbrigens die Verkleidung des Heizk\u00f6rpers, aber zur Heizung kommen wir noch im Technik Teil. Dort k\u00f6nne auch Kinder ihre Waschutensilien bequem abstellen.<\/p>\n<p>Auch hier sind einige neue Ablage-M\u00f6glichkeiten entstanden.<\/p>\n<p><img loading=\"lazy\" decoding=\"async\" class=\"alignnone wp-image-56 size-full\" src=\"http:\/\/sendi.de\/wp-content\/uploads\/2017\/03\/2016-08-30-12.38.22.jpg\" width=\"4032\" height=\"3024\" srcset=\"http:\/\/sendi.de\/wp-content\/uploads\/2017\/03\/2016-08-30-12.38.22.jpg 4032w, http:\/\/sendi.de\/wp-content\/uploads\/2017\/03\/2016-08-30-12.38.22-300x225.jpg 300w, http:\/\/sendi.de\/wp-content\/uploads\/2017\/03\/2016-08-30-12.38.22-768x576.jpg 768w, http:\/\/sendi.de\/wp-content\/uploads\/2017\/03\/2016-08-30-12.38.22-1024x768.jpg 1024w, http:\/\/sendi.de\/wp-content\/uploads\/2017\/03\/2016-08-30-12.38.22-640x480.jpg 640w\" sizes=\"auto, (max-width: 709px) 85vw, (max-width: 909px) 67vw, (max-width: 1362px) 62vw, 840px\" \/><\/p>\n<p>Der Spiegelschrank ist ebenfalls neu entstanden. Sch\u00f6n flach, und mit Spiegel-Scheiben aus Plexiglas und integrierten Halogen-Leuchten.<\/p>\n<p><img loading=\"lazy\" decoding=\"async\" class=\"alignnone wp-image-57 size-large\" src=\"http:\/\/sendi.de\/wp-content\/uploads\/2017\/03\/2016-08-30-12.38.37-e1488729261118-768x1024.jpg\" width=\"697\" height=\"929\" srcset=\"http:\/\/sendi.de\/wp-content\/uploads\/2017\/03\/2016-08-30-12.38.37-e1488729261118-768x1024.jpg 768w, http:\/\/sendi.de\/wp-content\/uploads\/2017\/03\/2016-08-30-12.38.37-e1488729261118-225x300.jpg 225w\" sizes=\"auto, (max-width: 697px) 85vw, 697px\" \/><\/p>\n<p>Alle Schrankt\u00fcren sind mit neuen &#8222;Push-Lock&#8220; Schl\u00f6ssern ausgestattet worden. Die Oberlichter sind ebenfalls neu.<\/p>\n<p><img loading=\"lazy\" decoding=\"async\" class=\"alignnone size-large wp-image-59\" src=\"http:\/\/sendi.de\/wp-content\/uploads\/2017\/03\/pushlock-1024x715.png\" alt=\"\" width=\"697\" height=\"487\" srcset=\"http:\/\/sendi.de\/wp-content\/uploads\/2017\/03\/pushlock-1024x715.png 1024w, http:\/\/sendi.de\/wp-content\/uploads\/2017\/03\/pushlock-300x210.png 300w, http:\/\/sendi.de\/wp-content\/uploads\/2017\/03\/pushlock-768x536.png 768w\" sizes=\"auto, (max-width: 697px) 85vw, 697px\" \/><\/p>\n<p>Mehr dann unter <a href=\"http:\/\/sendi.de\/?page_id=61\">Technik<\/a><\/p>\n<p>&nbsp;<\/p>\n<p>&nbsp;<\/p>\n","protected":false},"excerpt":{"rendered":"<p>Eines vorweg: dieser Tabbert ist kein &#8222;Gelsenkirchner Barock&#8220;. Das ist ein schlichtes, modernes Design.\u00a0 Dieser Tabbert ist innen noch mit richtigem Holz und R\u00fcster-Furnier verarbeitet. Spanplatten finden sich in diesem Wohnwagen nicht. Das spart enormes Gewicht und ist einfach zu reparieren. Alle Holzfl\u00e4chen sind einzeln komplett \u00fcberarbeitet worden. Das hei\u00dft, s\u00e4mtliche Klappen, T\u00fcren und Fronten &hellip; <a href=\"http:\/\/sendi.de\/?page_id=30\" class=\"more-link\"><span class=\"screen-reader-text\">&#8222;Der Wohnwagen innnen&#8220; <\/span>weiterlesen<\/a><\/p>\n","protected":false},"author":1,"featured_media":0,"parent":0,"menu_order":0,"comment_status":"closed","ping_status":"closed","template":"page-fullwidth.php","meta":{"footnotes":""},"class_list":["post-30","page","type-page","status-publish","hentry"],"_links":{"self":[{"href":"http:\/\/sendi.de\/index.php?rest_route=\/wp\/v2\/pages\/30","targetHints":{"allow":["GET"]}}],"collection":[{"href":"http:\/\/sendi.de\/index.php?rest_route=\/wp\/v2\/pages"}],"about":[{"href":"http:\/\/sendi.de\/index.php?rest_route=\/wp\/v2\/types\/page"}],"author":[{"embeddable":true,"href":"http:\/\/sendi.de\/index.php?rest_route=\/wp\/v2\/users\/1"}],"replies":[{"embeddable":true,"href":"http:\/\/sendi.de\/index.php?rest_route=%2Fwp%2Fv2%2Fcomments&post=30"}],"version-history":[{"count":8,"href":"http:\/\/sendi.de\/index.php?rest_route=\/wp\/v2\/pages\/30\/revisions"}],"predecessor-version":[{"id":82,"href":"http:\/\/sendi.de\/index.php?rest_route=\/wp\/v2\/pages\/30\/revisions\/82"}],"wp:attachment":[{"href":"http:\/\/sendi.de\/index.php?rest_route=%2Fwp%2Fv2%2Fmedia&parent=30"}],"curies":[{"name":"wp","href":"https:\/\/api.w.org\/{rel}","templated":true}]}}