{"id":11,"date":"2017-03-04T11:29:22","date_gmt":"2017-03-04T11:29:22","guid":{"rendered":"http:\/\/sendi.de\/?page_id=11"},"modified":"2017-08-02T15:24:14","modified_gmt":"2017-08-02T15:24:14","slug":"wir-verkaufen-einen-campingurlaub","status":"publish","type":"page","link":"http:\/\/sendi.de\/?page_id=11","title":{"rendered":"Wir haben einen Campingurlaub verkauft&#8230;"},"content":{"rendered":"<p>Seit 12 Jahren fahren wir mit einem alten Tabbert Wohnwagen nach Italien zum Strand. Das gute St\u00fcck ist ein echtes &#8222;Understatement-Gef\u00e4hrt&#8220;. Aussen immer noch so wie wir ihn gebraucht gekauft haben,<\/p>\n<p>INNEN aber&#8230; da haben wir das gute St\u00fcck wieder perfekt restauriert und modernisiert.<\/p>\n<p>Wir haben uns entschlossen, in Zukunft kein Camping mehr zu machen. Es war mit den kleinen Kindern perfekt; aber nachdem die Kinder \u00e4lter geworden sind, wollen wir unsere Urlaube in Zukunft anders gestalten.<\/p>\n<p><strong>Unser Tabbert hat eine neue Familie gefunden. Ist also VERKAUFT. Wir hoffen, dass sie ebenso viele sch\u00f6ne Stunden damit verleben kann. Wir lassen aber diese Seiten aus sentimentalen Gr\u00fcnden noch online.<\/strong><\/p>\n<p>Ein Tabbert Comtesse 531 von 1979 mit Tandem-Achse. Die Vorteile einer Tandem-Achse sind:<\/p>\n<ul>\n<li>ein super-Fahrverhalten, kaum schlingern, sehr spurtreu<\/li>\n<li>durch die kleineren R\u00e4der liegt der Wohnwagen relativ tief; geringerer Windwiderstand, weniger Seitenwind empfindlich<\/li>\n<\/ul>\n<p>Es hat auch einen kleinen Nachteil: Rangieren von Hand ist nicht so einfach.<\/p>\n<p>Die Erstbesitzer hatten eine Vorliebe f\u00fcr Aufkleber, der Vorbesitzer hatte diese durch die lustigen, &#8222;wegfliegenden&#8220; Ballons ersetzt. Die sind richtig gut gefertigt und geben dem Oldtimer eine frech-fr\u00f6hliche, unverwechselbare Note.<\/p>\n<p><img loading=\"lazy\" decoding=\"async\" class=\"alignnone wp-image-24 size-full\" src=\"http:\/\/sendi.de\/wp-content\/uploads\/2017\/03\/Aussen_2.png\" width=\"3993\" height=\"1830\" srcset=\"http:\/\/sendi.de\/wp-content\/uploads\/2017\/03\/Aussen_2.png 3993w, http:\/\/sendi.de\/wp-content\/uploads\/2017\/03\/Aussen_2-300x137.png 300w, http:\/\/sendi.de\/wp-content\/uploads\/2017\/03\/Aussen_2-768x352.png 768w, http:\/\/sendi.de\/wp-content\/uploads\/2017\/03\/Aussen_2-1024x469.png 1024w\" sizes=\"auto, (max-width: 709px) 85vw, (max-width: 909px) 67vw, (max-width: 1362px) 62vw, 840px\" \/><\/p>\n<p>Wir haben kein Vorzelt mehr. Wenn wir Camping machen, dann wollten wir immer schnell im Urlaub sein und ohne viel Aufbauerei gleich in den Relax-Zustand \u00fcbergehen.<\/p>\n<p>Wir nutzen nur noch ein gro\u00dfes Schnell-Aufspann-Pavillon &#8211; bei einem kleinen Regenguss h\u00e4lt das Pavillion trotzdem noch trocken. Ausserdem sind wir nicht aus Zucker und machen Camping. Als Boden verwenden wir diese durchl\u00e4\u00dfigen Schattenspender; eine d\u00fcnne, Sand- durchl\u00e4ssige Kunststoff-Folie. Die ist immer sauber und g\u00fcnstig, nach jedem Urlaub wird die entsorgt.<\/p>\n<p><img loading=\"lazy\" decoding=\"async\" class=\"alignnone wp-image-74\" src=\"http:\/\/sendi.de\/wp-content\/uploads\/2017\/03\/2016-08-30-12.39.38-1024x768.jpg\" width=\"550\" height=\"413\" srcset=\"http:\/\/sendi.de\/wp-content\/uploads\/2017\/03\/2016-08-30-12.39.38-1024x768.jpg 1024w, http:\/\/sendi.de\/wp-content\/uploads\/2017\/03\/2016-08-30-12.39.38-300x225.jpg 300w, http:\/\/sendi.de\/wp-content\/uploads\/2017\/03\/2016-08-30-12.39.38-768x576.jpg 768w, http:\/\/sendi.de\/wp-content\/uploads\/2017\/03\/2016-08-30-12.39.38-640x480.jpg 640w\" sizes=\"auto, (max-width: 550px) 85vw, 550px\" \/> <img loading=\"lazy\" decoding=\"async\" class=\"alignnone wp-image-75\" src=\"http:\/\/sendi.de\/wp-content\/uploads\/2017\/03\/2016-08-30-12.39.45-e1488788540445-225x300.jpg\" width=\"303\" height=\"404\" srcset=\"http:\/\/sendi.de\/wp-content\/uploads\/2017\/03\/2016-08-30-12.39.45-e1488788540445-225x300.jpg 225w, http:\/\/sendi.de\/wp-content\/uploads\/2017\/03\/2016-08-30-12.39.45-e1488788540445-768x1024.jpg 768w\" sizes=\"auto, (max-width: 303px) 85vw, 303px\" \/><\/p>\n<p>Der gro\u00dfe Rolltisch (plus einem kleinen als Abstelltisch oder Arbeitsfl\u00e4che f\u00fcr den Gas-Grill) ist ebenso im Umfang, wie 6 bequeme Campingst\u00fche, auf denen man auch gut ein Nickerchen machen kann.<\/p>\n<p>Ebenso dabei alle T\u00f6pfe, Pfannen, Bestecke und Camping-Geschirr f\u00fcr 8 Personen. Einfach komplett eben.<\/p>\n<p><img loading=\"lazy\" decoding=\"async\" class=\"alignnone size-large wp-image-76\" src=\"http:\/\/sendi.de\/wp-content\/uploads\/2017\/03\/2016-08-30-17.49.21-1024x768.jpg\" alt=\"\" width=\"697\" height=\"523\" srcset=\"http:\/\/sendi.de\/wp-content\/uploads\/2017\/03\/2016-08-30-17.49.21-1024x768.jpg 1024w, http:\/\/sendi.de\/wp-content\/uploads\/2017\/03\/2016-08-30-17.49.21-300x225.jpg 300w, http:\/\/sendi.de\/wp-content\/uploads\/2017\/03\/2016-08-30-17.49.21-768x576.jpg 768w, http:\/\/sendi.de\/wp-content\/uploads\/2017\/03\/2016-08-30-17.49.21-640x480.jpg 640w\" sizes=\"auto, (max-width: 697px) 85vw, 697px\" \/><\/p>\n<p>Guten Appetit.<\/p>\n<p>Aussen haben wir nur in die <a href=\"http:\/\/sendi.de\/?page_id=61\">Technik <\/a>investiert, <a href=\"http:\/\/sendi.de\/?page_id=30\">innen <\/a>aber haben wir uns ins Zeug gelegt.<\/p>\n","protected":false},"excerpt":{"rendered":"<p>Seit 12 Jahren fahren wir mit einem alten Tabbert Wohnwagen nach Italien zum Strand. Das gute St\u00fcck ist ein echtes &#8222;Understatement-Gef\u00e4hrt&#8220;. Aussen immer noch so wie wir ihn gebraucht gekauft haben, INNEN aber&#8230; da haben wir das gute St\u00fcck wieder perfekt restauriert und modernisiert. Wir haben uns entschlossen, in Zukunft kein Camping mehr zu machen. &hellip; <a href=\"http:\/\/sendi.de\/?page_id=11\" class=\"more-link\"><span class=\"screen-reader-text\">&#8222;Wir haben einen Campingurlaub verkauft&#8230;&#8220; <\/span>weiterlesen<\/a><\/p>\n","protected":false},"author":1,"featured_media":23,"parent":0,"menu_order":0,"comment_status":"closed","ping_status":"closed","template":"","meta":{"footnotes":""},"class_list":["post-11","page","type-page","status-publish","has-post-thumbnail","hentry"],"_links":{"self":[{"href":"http:\/\/sendi.de\/index.php?rest_route=\/wp\/v2\/pages\/11","targetHints":{"allow":["GET"]}}],"collection":[{"href":"http:\/\/sendi.de\/index.php?rest_route=\/wp\/v2\/pages"}],"about":[{"href":"http:\/\/sendi.de\/index.php?rest_route=\/wp\/v2\/types\/page"}],"author":[{"embeddable":true,"href":"http:\/\/sendi.de\/index.php?rest_route=\/wp\/v2\/users\/1"}],"replies":[{"embeddable":true,"href":"http:\/\/sendi.de\/index.php?rest_route=%2Fwp%2Fv2%2Fcomments&post=11"}],"version-history":[{"count":12,"href":"http:\/\/sendi.de\/index.php?rest_route=\/wp\/v2\/pages\/11\/revisions"}],"predecessor-version":[{"id":88,"href":"http:\/\/sendi.de\/index.php?rest_route=\/wp\/v2\/pages\/11\/revisions\/88"}],"wp:featuredmedia":[{"embeddable":true,"href":"http:\/\/sendi.de\/index.php?rest_route=\/wp\/v2\/media\/23"}],"wp:attachment":[{"href":"http:\/\/sendi.de\/index.php?rest_route=%2Fwp%2Fv2%2Fmedia&parent=11"}],"curies":[{"name":"wp","href":"https:\/\/api.w.org\/{rel}","templated":true}]}}